{"id":627,"date":"2021-10-25T15:06:47","date_gmt":"2021-10-25T15:06:47","guid":{"rendered":"http:\/\/dev.typodrom-digital.de\/EL\/imprint\/"},"modified":"2024-06-28T17:48:10","modified_gmt":"2024-06-28T17:48:10","slug":"imprint","status":"publish","type":"page","link":"https:\/\/elsaesser.industries\/en\/imprint\/","title":{"rendered":"Imprint"},"content":{"rendered":"<div class=\"fusion-fullwidth fullwidth-box fusion-builder-row-1 fusion-flex-container nonhundred-percent-fullwidth non-hundred-percent-height-scrolling\" style=\"--awb-border-radius-top-left:0px;--awb-border-radius-top-right:0px;--awb-border-radius-bottom-right:0px;--awb-border-radius-bottom-left:0px;--awb-margin-top:100px;--awb-margin-bottom:100px;--awb-flex-wrap:wrap;\" ><div class=\"fusion-builder-row fusion-row fusion-flex-align-items-flex-start fusion-flex-justify-content-center fusion-flex-content-wrap\" style=\"max-width:104%;margin-left: calc(-4% \/ 2 );margin-right: calc(-4% \/ 2 );\"><div class=\"fusion-layout-column fusion_builder_column fusion-builder-column-0 fusion_builder_column_2_3 2_3 fusion-flex-column\" style=\"--awb-bg-size:cover;--awb-width-large:66.666666666667%;--awb-margin-top-large:0px;--awb-spacing-right-large:2.88%;--awb-margin-bottom-large:20px;--awb-spacing-left-large:2.88%;--awb-width-medium:66.666666666667%;--awb-order-medium:0;--awb-spacing-right-medium:2.88%;--awb-spacing-left-medium:2.88%;--awb-width-small:100%;--awb-order-small:0;--awb-spacing-right-small:1.92%;--awb-spacing-left-small:1.92%;\"><div class=\"fusion-column-wrapper fusion-column-has-shadow fusion-flex-justify-content-flex-start fusion-content-layout-column\"><div class=\"fusion-title title fusion-title-1 fusion-sep-none fusion-title-text fusion-title-size-one\" style=\"--awb-margin-top-small:10px;--awb-margin-right-small:0px;--awb-margin-bottom-small:10px;--awb-margin-left-small:0px;\"><h1 class=\"fusion-title-heading title-heading-left\" style=\"margin:0;\">Imprint<\/h1><\/div><div class=\"fusion-separator fusion-full-width-sep\" style=\"align-self: center;margin-left: auto;margin-right: auto;margin-top:30px;width:100%;\"><\/div><div class=\"fusion-text fusion-text-1\" style=\"--awb-text-transform:none;\"><p><strong>Els\u00e4sser Industries GmbH<\/strong><br \/>\nIndustriestrasse 1-3<br \/>\n27356 Rotenburg<br \/>\nDeutschland<\/p>\n<p>Phone: +49 4261-18907-0<br \/>\nEmail: office@elsaesser.industries<\/p>\n<p><strong>Managing Director:<\/strong><br \/>\nAndreas Els\u00e4\u00dfer<\/p>\n<p><strong>Sales tax identification number according to \u00a727a sales tax law:<\/strong><br \/>\nDE334021758<\/p>\n<p><strong>Registered office of the company<\/strong><br \/>\nRotenburg<br \/>\nCommercial register at Walsrode Local Court, HRB 208633<\/p>\n<p><strong>Editorially responsible:<\/strong><br \/>\nAndreas Els\u00e4\u00dfer<br \/>\nIndustriestrasse 1-3<br \/>\n27356 Rotenburg<br \/>\nGermany<\/p>\n<p><b>EU dispute resolution<\/b><\/p>\n<p>The European Commission provides a platform for online dispute resolution (OS): <a href=\"https:\/\/ec.europa.eu\/consumers\/odr\" target=\"_blank\" rel=\"noopener\">https:\/\/ec.europa.eu\/consumers\/odr.<\/a><\/p>\n<p>You can find our e-mail address in the legal notice above.<\/p>\n<p><b>Consumer dispute resolution \/ universal arbitration board<\/b><\/p>\n<p>We are not willing or obliged to participate in dispute resolution proceedings before a consumer arbitration board.<\/p>\n<\/div><div class=\"fusion-separator fusion-full-width-sep\" style=\"align-self: center;margin-left: auto;margin-right: auto;margin-top:30px;width:100%;\"><\/div><div class=\"fusion-title title fusion-title-2 fusion-sep-none fusion-title-text fusion-title-size-two\" style=\"--awb-margin-top-small:10px;--awb-margin-right-small:0px;--awb-margin-bottom-small:10px;--awb-margin-left-small:0px;\"><h2 class=\"fusion-title-heading title-heading-left\" style=\"margin:0;\">General Terms and Conditions<\/h2><\/div><div class=\"fusion-text fusion-text-2\"><p>You can view our general terms and conditions <a href=\"https:\/\/elsaesser.industries\/en\/terms-and-conditions\/\">here<\/a>.<\/p>\n<\/div><div class=\"fusion-separator fusion-full-width-sep\" style=\"align-self: center;margin-left: auto;margin-right: auto;margin-top:30px;width:100%;\"><\/div><div class=\"fusion-title title fusion-title-3 fusion-sep-none fusion-title-text fusion-title-size-two\" style=\"--awb-margin-top-small:10px;--awb-margin-right-small:0px;--awb-margin-bottom-small:10px;--awb-margin-left-small:0px;\"><h2 class=\"fusion-title-heading title-heading-left\" style=\"margin:0;\">Web development, web design and implementation<\/h2><\/div><div class=\"fusion-text fusion-text-3\"><p>TYPODROM WERBEAGENTUR GMBH<br \/>\nRadilostra\u00dfe 43<br \/>\nD-60489 Frankfurt am Main<br \/>\nPhone: +49 (0)69 380364-0<br \/>\nE-Mail: <a href=\"mailto:kontakt@typodrom.de\">kontakt@typodrom.de<\/a><br \/>\nWeb: <a href=\"https:\/\/www.typodrom.de\" target=\"_blank\" rel=\"noopener\">www.typodrom.de<\/a><\/p>\n<\/div><div class=\"fusion-text fusion-text-4\"><hr>\n<h2 style=\"display: none;\">Web development and implementation<\/h2>\n<p><a href=\"https:\/\/www.bdvom.de\"><img decoding=\"async\" class=\"\" src=\"https:\/\/needfulthings.bdvom.de\/logo\/bdvomde_logo_200x800.png\" alt=\"bdvomde WordPress web design\" width=\"160\" height=\"55\"><\/a><br \/>\n<b><i>The WordPress website manufactory<\/i><\/b><\/p>\n<p>Bastian Dirk vom Dahl<br \/>\nF\u00fcrst-B\u00fclow-Stra\u00dfe 20<br \/>\n57074 Siegen<\/p>\n<p>Phone: (+49) 0170 \/ 4913723<br \/>\nE-mail: <a style=\"color: black; text-decoration: none;\" href=\"mailto:info@bdvom.de\">info@bdvom.de<\/a><br \/>\nWeb: <a style=\"color: black; text-decoration: none;\" title=\"Link to the WordPress web designer\" href=\"https:\/\/www.bdvom.de\">bdvom.de<\/a><\/p>\n<\/div><\/div><\/div><\/div><\/div>\n","protected":false},"excerpt":{"rendered":"","protected":false},"author":3,"featured_media":0,"parent":0,"menu_order":0,"comment_status":"closed","ping_status":"closed","template":"","meta":{"inline_featured_image":false,"footnotes":""},"class_list":["post-627","page","type-page","status-publish","hentry"],"_links":{"self":[{"href":"https:\/\/elsaesser.industries\/en\/wp-json\/wp\/v2\/pages\/627","targetHints":{"allow":["GET"]}}],"collection":[{"href":"https:\/\/elsaesser.industries\/en\/wp-json\/wp\/v2\/pages"}],"about":[{"href":"https:\/\/elsaesser.industries\/en\/wp-json\/wp\/v2\/types\/page"}],"author":[{"embeddable":true,"href":"https:\/\/elsaesser.industries\/en\/wp-json\/wp\/v2\/users\/3"}],"replies":[{"embeddable":true,"href":"https:\/\/elsaesser.industries\/en\/wp-json\/wp\/v2\/comments?post=627"}],"version-history":[{"count":3,"href":"https:\/\/elsaesser.industries\/en\/wp-json\/wp\/v2\/pages\/627\/revisions"}],"predecessor-version":[{"id":779,"href":"https:\/\/elsaesser.industries\/en\/wp-json\/wp\/v2\/pages\/627\/revisions\/779"}],"wp:attachment":[{"href":"https:\/\/elsaesser.industries\/en\/wp-json\/wp\/v2\/media?parent=627"}],"curies":[{"name":"wp","href":"https:\/\/api.w.org\/{rel}","templated":true}]}}